{"id":1040,"date":"2019-05-06T07:29:56","date_gmt":"2019-05-06T07:29:56","guid":{"rendered":"https:\/\/www.seilpark-engadin.ch\/?page_id=1040"},"modified":"2022-07-07T19:10:30","modified_gmt":"2022-07-07T19:10:30","slug":"teilnahmebedingungen","status":"publish","type":"page","link":"https:\/\/www.seilpark-engadin.ch\/en\/teilnahmebedingungen\/","title":{"rendered":"Conditions of participation"},"content":{"rendered":"<div data-elementor-type=\"wp-post\" data-elementor-id=\"1040\" class=\"elementor elementor-1040\">\n\t\t\t\t\t\t<div class=\"elementor-inner\">\n\t\t\t\t<div class=\"elementor-section-wrap\">\n\t\t\t\t\t\t\t\t\t<section class=\"elementor-section elementor-top-section elementor-element elementor-element-7b41ed2 elementor-section-height-min-height elementor-section-boxed elementor-section-height-default elementor-section-items-middle\" data-id=\"7b41ed2\" data-element_type=\"section\">\n\t\t\t\t\t\t<div class=\"elementor-container elementor-column-gap-default\">\n\t\t\t\t\t\t\t<div class=\"elementor-row\">\n\t\t\t\t\t<div class=\"elementor-column elementor-col-50 elementor-top-column elementor-element elementor-element-73c5c28\" data-id=\"73c5c28\" data-element_type=\"column\">\n\t\t\t<div class=\"elementor-column-wrap elementor-element-populated\">\n\t\t\t\t\t\t\t<div class=\"elementor-widget-wrap\">\n\t\t\t\t\t\t<div class=\"elementor-element elementor-element-a26c00b elementor-widget elementor-widget-heading\" data-id=\"a26c00b\" data-element_type=\"widget\" data-widget_type=\"heading.default\">\n\t\t\t\t<div class=\"elementor-widget-container\">\n\t\t\t<h2 class=\"elementor-heading-title elementor-size-default\">Conditions of participation<\/h2>\t\t<\/div>\n\t\t\t\t<\/div>\n\t\t\t\t<div class=\"elementor-element elementor-element-ecd956b elementor-widget elementor-widget-text-editor\" data-id=\"ecd956b\" data-element_type=\"widget\" data-widget_type=\"text-editor.default\">\n\t\t\t\t<div class=\"elementor-widget-container\">\n\t\t\t\t\t\t\t\t<div class=\"elementor-text-editor elementor-clearfix\">\n\t\t\t\t<p>Versicherung ist Sache des Benutzers.<\/p><p>Die Benutzung des Seilparks erfolgt auf eigene Gefahr und Verantwortung. Seilpark Engadin \u00fcbernimmt keinerlei Haftung f\u00fcr entstandene Sch\u00e4den.<\/p><p>Die Anlage wird nicht \u00fcberwacht. Die Seilparkmitarbeiter haben lediglich Instruktions-, Aufsichts- und Hilfeleistungsfunktionen.<br \/>Kinder unter 11 Jahren m\u00fcssen von einer erwachsenen Person begleitet werden, Kinder zwischen 11 und 14 Jahren m\u00fcssen von einer erwachsenen Person beaufsichtigt werden.<\/p><p>Das zul\u00e4ssige max. K\u00f6rpergewicht betr\u00e4gt 120 kg.<br \/>Vor der Benutzung ist an der Sicherheitsinstruktion teilzunehmen. S\u00e4mtliche Anweisungen und Entscheidungen der Seilparkmitarbeiter sind bindend.<\/p><p>Personen, die unter Einfluss von Alkohol, Drogen oder starken Medikamenten stehen, sind f\u00fcr die Begehung des Seilparks nicht zugelassen.<br \/>Personen in Schwangerschaft wird von der Begehung des Seilparks abgeraten.<br \/><br \/>Die Aufenthaltsdauer im Seilpark Engadin betr\u00e4gt max. 3 Stunden. Beendet der Teilnehmer fr\u00fchzeitig aus eigenem Wunsch die Begehung, ist keine R\u00fcckerstattung des Eintrittspreises m\u00f6glich.<\/p><p>Seilpark Engadin beh\u00e4lt sich das Recht vor, den Betrieb aus sicherheitstechnischen Gr\u00fcnden (Feuer, Gewitter, Sturm u.a.) einzustellen. In diesem Fall ist keine Erstattung des Eintrittspreises m\u00f6glich.<\/p><p>Der Gerichtsstand ist Sent. Es kommt ausschlie\u00dflich Schweizer Recht zur Anwendung.<\/p><p>Der Seilpark Engadin verlangt, dass die Teilnehmer sich selbst sichern, ein Karabiner muss immer an einem Sicherungsseil befestigt sein.<\/p>\t\t\t\t\t<\/div>\n\t\t\t\t\t\t<\/div>\n\t\t\t\t<\/div>\n\t\t\t\t\t\t<\/div>\n\t\t\t\t\t<\/div>\n\t\t<\/div>\n\t\t\t\t<div class=\"elementor-column elementor-col-50 elementor-top-column elementor-element elementor-element-8730a6c\" data-id=\"8730a6c\" data-element_type=\"column\" data-settings=\"{&quot;background_background&quot;:&quot;classic&quot;}\">\n\t\t\t<div class=\"elementor-column-wrap\">\n\t\t\t\t\t\t\t<div class=\"elementor-widget-wrap\">\n\t\t\t\t\t\t\t\t<\/div>\n\t\t\t\t\t<\/div>\n\t\t<\/div>\n\t\t\t\t\t\t\t\t<\/div>\n\t\t\t\t\t<\/div>\n\t\t<\/section>\n\t\t\t\t\t\t\t\t\t<\/div>\n\t\t\t<\/div>\n\t\t\t\t\t<\/div>","protected":false},"excerpt":{"rendered":"<p>Teilnahmebedingungen Versicherung ist Sache des Benutzers. Die Benutzung des Seilparks erfolgt auf [&hellip;]<\/p>","protected":false},"author":1,"featured_media":0,"parent":0,"menu_order":0,"comment_status":"closed","ping_status":"closed","template":"page-templates\/page_front-page.php","meta":[],"yoast_head":"<!-- This site is optimized with the Yoast SEO plugin v18.6 - https:\/\/yoast.com\/wordpress\/plugins\/seo\/ -->\n<title>Seilpark Engadin &ndash; Teilnahmebedingungen<\/title>\n<meta name=\"description\" content=\"Bitte beachten Sie die Teilnahmebedingungen bei uns im Seilpark Engadin.\" \/>\n<meta name=\"robots\" content=\"index, follow, max-snippet:-1, max-image-preview:large, max-video-preview:-1\" \/>\n<link rel=\"canonical\" href=\"https:\/\/www.seilpark-engadin.ch\/en\/teilnahmebedingungen\/\" \/>\n<meta property=\"og:locale\" content=\"en_US\" \/>\n<meta property=\"og:type\" content=\"article\" \/>\n<meta property=\"og:title\" content=\"Seilpark Engadin &ndash; Teilnahmebedingungen\" \/>\n<meta property=\"og:description\" content=\"Bitte beachten Sie die Teilnahmebedingungen bei uns im Seilpark Engadin.\" \/>\n<meta property=\"og:url\" content=\"https:\/\/www.seilpark-engadin.ch\/en\/teilnahmebedingungen\/\" \/>\n<meta property=\"og:site_name\" content=\"Seilpark Engadin\" \/>\n<meta property=\"article:modified_time\" content=\"2022-07-07T19:10:30+00:00\" \/>\n<meta name=\"twitter:label1\" content=\"Est. reading time\" \/>\n\t<meta name=\"twitter:data1\" content=\"1 minute\" \/>\n<script type=\"application\/ld+json\" class=\"yoast-schema-graph\">{\"@context\":\"https:\/\/schema.org\",\"@graph\":[{\"@type\":\"WebSite\",\"@id\":\"https:\/\/www.seilpark-engadin.ch\/#website\",\"url\":\"https:\/\/www.seilpark-engadin.ch\/\",\"name\":\"Seilpark Engadin\",\"description\":\"Kletterabenteuer in den Engadiner Bergen\",\"potentialAction\":[{\"@type\":\"SearchAction\",\"target\":{\"@type\":\"EntryPoint\",\"urlTemplate\":\"https:\/\/www.seilpark-engadin.ch\/?s={search_term_string}\"},\"query-input\":\"required name=search_term_string\"}],\"inLanguage\":\"en-NZ\"},{\"@type\":\"WebPage\",\"@id\":\"https:\/\/www.seilpark-engadin.ch\/teilnahmebedingungen\/#webpage\",\"url\":\"https:\/\/www.seilpark-engadin.ch\/teilnahmebedingungen\/\",\"name\":\"Seilpark Engadin &ndash; Teilnahmebedingungen\",\"isPartOf\":{\"@id\":\"https:\/\/www.seilpark-engadin.ch\/#website\"},\"datePublished\":\"2019-05-06T07:29:56+00:00\",\"dateModified\":\"2022-07-07T19:10:30+00:00\",\"description\":\"Bitte beachten Sie die Teilnahmebedingungen bei uns im Seilpark Engadin.\",\"breadcrumb\":{\"@id\":\"https:\/\/www.seilpark-engadin.ch\/teilnahmebedingungen\/#breadcrumb\"},\"inLanguage\":\"en-NZ\",\"potentialAction\":[{\"@type\":\"ReadAction\",\"target\":[\"https:\/\/www.seilpark-engadin.ch\/teilnahmebedingungen\/\"]}]},{\"@type\":\"BreadcrumbList\",\"@id\":\"https:\/\/www.seilpark-engadin.ch\/teilnahmebedingungen\/#breadcrumb\",\"itemListElement\":[{\"@type\":\"ListItem\",\"position\":1,\"name\":\"Home\",\"item\":\"https:\/\/www.seilpark-engadin.ch\/\"},{\"@type\":\"ListItem\",\"position\":2,\"name\":\"Teilnahmebedingungen\"}]}]}<\/script>\n<!-- \/ Yoast SEO plugin. -->","yoast_head_json":{"title":"Seilpark Engadin &ndash; Teilnahmebedingungen","description":"Bitte beachten Sie die Teilnahmebedingungen bei uns im Seilpark Engadin.","robots":{"index":"index","follow":"follow","max-snippet":"max-snippet:-1","max-image-preview":"max-image-preview:large","max-video-preview":"max-video-preview:-1"},"canonical":"https:\/\/www.seilpark-engadin.ch\/en\/teilnahmebedingungen\/","og_locale":"en_US","og_type":"article","og_title":"Seilpark Engadin &ndash; Teilnahmebedingungen","og_description":"Bitte beachten Sie die Teilnahmebedingungen bei uns im Seilpark Engadin.","og_url":"https:\/\/www.seilpark-engadin.ch\/en\/teilnahmebedingungen\/","og_site_name":"Seilpark Engadin","article_modified_time":"2022-07-07T19:10:30+00:00","twitter_misc":{"Est. reading time":"1 minute"},"schema":{"@context":"https:\/\/schema.org","@graph":[{"@type":"WebSite","@id":"https:\/\/www.seilpark-engadin.ch\/#website","url":"https:\/\/www.seilpark-engadin.ch\/","name":"Seilpark Engadin","description":"Kletterabenteuer in den Engadiner Bergen","potentialAction":[{"@type":"SearchAction","target":{"@type":"EntryPoint","urlTemplate":"https:\/\/www.seilpark-engadin.ch\/?s={search_term_string}"},"query-input":"required name=search_term_string"}],"inLanguage":"en-NZ"},{"@type":"WebPage","@id":"https:\/\/www.seilpark-engadin.ch\/teilnahmebedingungen\/#webpage","url":"https:\/\/www.seilpark-engadin.ch\/teilnahmebedingungen\/","name":"Seilpark Engadin &ndash; Teilnahmebedingungen","isPartOf":{"@id":"https:\/\/www.seilpark-engadin.ch\/#website"},"datePublished":"2019-05-06T07:29:56+00:00","dateModified":"2022-07-07T19:10:30+00:00","description":"Bitte beachten Sie die Teilnahmebedingungen bei uns im Seilpark Engadin.","breadcrumb":{"@id":"https:\/\/www.seilpark-engadin.ch\/teilnahmebedingungen\/#breadcrumb"},"inLanguage":"en-NZ","potentialAction":[{"@type":"ReadAction","target":["https:\/\/www.seilpark-engadin.ch\/teilnahmebedingungen\/"]}]},{"@type":"BreadcrumbList","@id":"https:\/\/www.seilpark-engadin.ch\/teilnahmebedingungen\/#breadcrumb","itemListElement":[{"@type":"ListItem","position":1,"name":"Home","item":"https:\/\/www.seilpark-engadin.ch\/"},{"@type":"ListItem","position":2,"name":"Teilnahmebedingungen"}]}]}},"_links":{"self":[{"href":"https:\/\/www.seilpark-engadin.ch\/en\/wp-json\/wp\/v2\/pages\/1040"}],"collection":[{"href":"https:\/\/www.seilpark-engadin.ch\/en\/wp-json\/wp\/v2\/pages"}],"about":[{"href":"https:\/\/www.seilpark-engadin.ch\/en\/wp-json\/wp\/v2\/types\/page"}],"author":[{"embeddable":true,"href":"https:\/\/www.seilpark-engadin.ch\/en\/wp-json\/wp\/v2\/users\/1"}],"replies":[{"embeddable":true,"href":"https:\/\/www.seilpark-engadin.ch\/en\/wp-json\/wp\/v2\/comments?post=1040"}],"version-history":[{"count":14,"href":"https:\/\/www.seilpark-engadin.ch\/en\/wp-json\/wp\/v2\/pages\/1040\/revisions"}],"predecessor-version":[{"id":2429,"href":"https:\/\/www.seilpark-engadin.ch\/en\/wp-json\/wp\/v2\/pages\/1040\/revisions\/2429"}],"wp:attachment":[{"href":"https:\/\/www.seilpark-engadin.ch\/en\/wp-json\/wp\/v2\/media?parent=1040"}],"curies":[{"name":"wp","href":"https:\/\/api.w.org\/{rel}","templated":true}]}}